{"id":205,"date":"2020-07-25T08:15:59","date_gmt":"2020-07-25T08:15:59","guid":{"rendered":"https:\/\/ib-behrendt.de\/?page_id=205"},"modified":"2020-10-06T17:46:37","modified_gmt":"2020-10-06T17:46:37","slug":"205-2","status":"publish","type":"page","link":"https:\/\/ib-behrendt.de\/?page_id=205","title":{"rendered":"Dienstleistung"},"content":{"rendered":"\n<div class=\"wp-block-columns is-layout-flex wp-container-core-columns-is-layout-9d6595d7 wp-block-columns-is-layout-flex\">\n<div class=\"wp-block-column is-layout-flow wp-block-column-is-layout-flow\">\n<figure class=\"wp-block-image size-large is-resized\"><img loading=\"lazy\" decoding=\"async\" src=\"https:\/\/ib-behrendt.de\/wp-content\/uploads\/2020\/07\/shutterstock_383697943.jpg\" alt=\"\" class=\"wp-image-230\" width=\"521\" height=\"346\" srcset=\"https:\/\/ib-behrendt.de\/wp-content\/uploads\/2020\/07\/shutterstock_383697943-300x200.jpg 300w, https:\/\/ib-behrendt.de\/wp-content\/uploads\/2020\/07\/shutterstock_383697943-768x512.jpg 768w\" sizes=\"auto, (max-width: 521px) 100vw, 521px\" \/><\/figure>\n<\/div>\n\n\n\n<div class=\"wp-block-column is-layout-flow wp-block-column-is-layout-flow\">\n<p><span style=\"text-decoration: underline;\">Pr\u00fcfungen von Arbeitsmitteln:<\/span><br>Nach der Betriebssicherheitsverordnung \u00a714 m\u00fcssen Arbeitsmittel (und darunter fallen auch Regale und Leitern), deren Sicherheit von den Montagebedingungen abh\u00e4ngt oder die Sch\u00e4den verursachenden Einfl\u00fcssen ausgesetzt sind, die zu Gef\u00e4hrdungen von Besch\u00e4ftigten f\u00fchren k\u00f6nnen, gepr\u00fcft werden.<br>Regalinspektionen m\u00fcssen mindestens alle 12 Monate durch eine bef\u00e4higte Person durchgef\u00fchrt werden.<br>Wir f\u00fchren f\u00fcr Sie Regalinspektionen nach den Vorgaben der DGUV Information 208-043, DGUV Regel 108-007 und der DIN 15635 durch.<br>F\u00fcr Leiterpr\u00fcfungen gibt es ebenfalls entsprechende Vorgaben. Auch hier gilt eine Frist von 12 Monaten. Gerne \u00fcbernehmen wir die Leiterpr\u00fcfung gem. BetrSichV und DGUV Information 208-016 f\u00fcr Sie.<br><br><span style=\"text-decoration: underline;\">Pr\u00fcfungen von Sport- und Spielger\u00e4ten:<\/span><br>Als Spielplatz- und Spielger\u00e4tepr\u00fcfer gem\u00e4\u00df DIN SPEC79161 f\u00fchren wir Spielplatzpr\u00fcfungen gem\u00e4\u00df DIN EN 1176, zur Sicherung der gefahrfreien Nutzung von Spielpl\u00e4tzen und Spielger\u00e4ten durch.<br>Durch die Sportger\u00e4tepr\u00fcfung gem\u00e4\u00df DGUV-I 202-044 kann die gefahrfreie Nutzung von Sportger\u00e4ten, sowie Turnhallen und Sportanlagen im Au\u00dfenbereich sichergestellt werden.<br>Die Pr\u00fcfungen werden dokumentiert. Bei festgestellten M\u00e4ngeln erarbeiten wir kundenorientierte L\u00f6sungsvorschl\u00e4ge.<br><br><span style=\"text-decoration: underline;\">Messungen mit technischen Hilfsmitteln:<\/span><br>Jeder m\u00f6chte in einer Arbeitsumgebung arbeiten, die als angenehm empfunden wird. Die Arbeitnehmer sind jedoch individuell verschieden und empfinden die Arbeitsumgebung naturgem\u00e4\u00df anders. Vielfach kommen Beschwerden auf, dass nicht genug Licht vorhanden sei, die Temperatur nicht stimme oder es zu laut ist. Deshalb hat der Gesetzgeber Grenzwerte f\u00fcr Arbeitspl\u00e4tze festgelegt. Anhand von Messungen am Arbeitsplatz kann der Ist-Wert mit den Vorgaben abgeglichen werden. Bei \u00dcber- oder Unterschreiten der Grenzwerte muss der Unternehmer aktiv werden und Ma\u00dfnahmen zum Schutz der Besch\u00e4ftigten ergreifen. Wir ermitteln diese Werte und beraten Sie zu m\u00f6glichen Schutzma\u00dfnahmen.<\/p>\n<ul>\n<li>L\u00e4rmmessung (Schallpegelmessungen)<\/li>\n<li>Luxmessungen (Beleuchtungsst\u00e4rkemessung)<\/li>\n<li>Temperaturmessungen<\/li>\n<li>Luftfeuchtigkeitsmessungen<\/li>\n<\/ul>\n<\/div>\n<\/div>\n\n\n\n<p><\/p>\n<!-- sktbuilder starter --><script type=\"text\/javascript\" src=\"https:\/\/ib-behrendt.de\/wp-content\/plugins\/skt-builder\/sktbuilder\/sktbuilder-frontend-starter.js\"><\/script><script type=\"text\/javascript\" src=\"https:\/\/ib-behrendt.de\/wp-content\/plugins\/skt-builder\/sktbuilder-wordpress-driver.js\"><\/script><script type=\"text\/javascript\"> var starter = new SktbuilderStarter({\"mode\": \"prod\", \"skip\":[\"jquery\",\"underscore\",\"backbone\"],\"sktbuilderUrl\": \"https:\/\/ib-behrendt.de\/wp-content\/plugins\/skt-builder\/sktbuilder\/\", \"driver\": new SktbuilderWordpressDriver({\"ajaxUrl\": \"https:\/\/ib-behrendt.de\/wp-admin\/admin-ajax.php\", \"iframeUrl\": \"https:\/\/ib-behrendt.de\/?page_id=205&sktbuilder=true\", \"pageId\": 205,  \"nonce\": \"03e459bfd4\", \"pages\": [{\"title\":\"Ausbildungen und Schulungen\",\"url\":\"https:\\\/\\\/ib-behrendt.de\\\/wp-admin\\\/post.php?post=72&action=sktbuilder\"},{\"title\":\"Beratung und Betreuung\",\"url\":\"https:\\\/\\\/ib-behrendt.de\\\/wp-admin\\\/post.php?post=214&action=sktbuilder\"},{\"title\":\"Homepage\",\"url\":\"https:\\\/\\\/ib-behrendt.de\\\/wp-admin\\\/post.php?post=65&action=sktbuilder\"}], \"page\": \"Dienstleistung\" }) });<\/script><!-- end sktbuilder starter -->","protected":false},"excerpt":{"rendered":"<p>Pr\u00fcfungen von Arbeitsmitteln:Nach der Betriebssicherheitsverordnung \u00a714 m\u00fcssen Arbeitsmittel (und darunter fallen auch Regale und Leitern), deren Sicherheit von den Montagebedingungen abh\u00e4ngt oder die Sch\u00e4den verursachenden Einfl\u00fcssen ausgesetzt sind, die zu Gef\u00e4hrdungen von Besch\u00e4ftigten f\u00fchren k\u00f6nnen, gepr\u00fcft werden.Regalinspektionen m\u00fcssen mindestens alle 12 Monate durch eine bef\u00e4higte Person durchgef\u00fchrt werden.Wir f\u00fchren f\u00fcr Sie Regalinspektionen nach den Vorgaben<br \/><a class=\"moretag\" href=\"https:\/\/ib-behrendt.de\/?page_id=205\">+ Read More<\/a><\/p>\n","protected":false},"author":1,"featured_media":0,"parent":0,"menu_order":4,"comment_status":"closed","ping_status":"closed","template":"templates\/page-fullwidth_template.php","meta":{"footnotes":""},"class_list":["post-205","page","type-page","status-publish","hentry"],"_links":{"self":[{"href":"https:\/\/ib-behrendt.de\/index.php?rest_route=\/wp\/v2\/pages\/205","targetHints":{"allow":["GET"]}}],"collection":[{"href":"https:\/\/ib-behrendt.de\/index.php?rest_route=\/wp\/v2\/pages"}],"about":[{"href":"https:\/\/ib-behrendt.de\/index.php?rest_route=\/wp\/v2\/types\/page"}],"author":[{"embeddable":true,"href":"https:\/\/ib-behrendt.de\/index.php?rest_route=\/wp\/v2\/users\/1"}],"replies":[{"embeddable":true,"href":"https:\/\/ib-behrendt.de\/index.php?rest_route=%2Fwp%2Fv2%2Fcomments&post=205"}],"version-history":[{"count":12,"href":"https:\/\/ib-behrendt.de\/index.php?rest_route=\/wp\/v2\/pages\/205\/revisions"}],"predecessor-version":[{"id":308,"href":"https:\/\/ib-behrendt.de\/index.php?rest_route=\/wp\/v2\/pages\/205\/revisions\/308"}],"wp:attachment":[{"href":"https:\/\/ib-behrendt.de\/index.php?rest_route=%2Fwp%2Fv2%2Fmedia&parent=205"}],"curies":[{"name":"wp","href":"https:\/\/api.w.org\/{rel}","templated":true}]}}